{"id":3321,"date":"2025-07-24T16:28:15","date_gmt":"2025-07-24T16:28:15","guid":{"rendered":"https:\/\/ds4business.com.co\/contact\/"},"modified":"2025-08-16T19:00:23","modified_gmt":"2025-08-16T19:00:23","slug":"contacto","status":"publish","type":"page","link":"https:\/\/ds4business.com.co\/en\/contacto\/","title":{"rendered":"Contact us"},"content":{"rendered":"<div data-elementor-type=\"wp-post\" data-elementor-id=\"3321\" class=\"elementor elementor-3321\" data-elementor-post-type=\"page\">\n\t\t\t\t<div class=\"elementor-element elementor-element-57a4a202 e-flex e-con-boxed e-con e-parent\" data-id=\"57a4a202\" data-element_type=\"container\" data-e-type=\"container\" data-settings=\"{&quot;background_background&quot;:&quot;gradient&quot;}\">\n\t\t\t\t\t<div class=\"e-con-inner\">\n\t\t<div class=\"elementor-element elementor-element-779b66f8 e-con-full e-flex e-con e-child\" data-id=\"779b66f8\" data-element_type=\"container\" data-e-type=\"container\">\n\t\t\t\t<div class=\"elementor-element elementor-element-9cbc42c elementor-widget elementor-widget-heading\" data-id=\"9cbc42c\" data-element_type=\"widget\" data-e-type=\"widget\" data-widget_type=\"heading.default\">\n\t\t\t\t<div class=\"elementor-widget-container\">\n\t\t\t\t\t<h2 class=\"elementor-heading-title elementor-size-default\">Let's discuss the digital future of your company<\/h2>\t\t\t\t<\/div>\n\t\t\t\t<\/div>\n\t\t<div class=\"elementor-element elementor-element-820b627 e-con-full e-flex e-con e-child\" data-id=\"820b627\" data-element_type=\"container\" data-e-type=\"container\">\n\t\t<div class=\"elementor-element elementor-element-e3f645f e-con-full e-flex e-con e-child\" data-id=\"e3f645f\" data-element_type=\"container\" data-e-type=\"container\">\n\t\t\t\t<div class=\"elementor-element elementor-element-e4b55ab elementor-widget elementor-widget-google_maps\" data-id=\"e4b55ab\" data-element_type=\"widget\" data-e-type=\"widget\" data-widget_type=\"google_maps.default\">\n\t\t\t\t<div class=\"elementor-widget-container\">\n\t\t\t\t\t\t\t<div class=\"elementor-custom-embed\">\n\t\t\t<iframe loading=\"lazy\"\n\t\t\t\t\tsrc=\"https:\/\/maps.google.com\/maps?q=Cra.%2018%20%2378-40&#038;t=m&#038;z=13&#038;output=embed&#038;iwloc=near\"\n\t\t\t\t\ttitle=\"Cra. 18 #78-40\"\n\t\t\t\t\taria-label=\"Cra. 18 #78-40\"\n\t\t\t><\/iframe>\n\t\t<\/div>\n\t\t\t\t\t\t<\/div>\n\t\t\t\t<\/div>\n\t\t\t\t<\/div>\n\t\t<div class=\"elementor-element elementor-element-09c756d e-con-full e-flex e-con e-child\" data-id=\"09c756d\" data-element_type=\"container\" data-e-type=\"container\">\n\t\t\t\t<div class=\"elementor-element elementor-element-39a5615 elementor-widget elementor-widget-heading\" data-id=\"39a5615\" data-element_type=\"widget\" data-e-type=\"widget\" data-widget_type=\"heading.default\">\n\t\t\t\t<div class=\"elementor-widget-container\">\n\t\t\t\t\t<h5 class=\"elementor-heading-title elementor-size-default\">Address<\/h5>\t\t\t\t<\/div>\n\t\t\t\t<\/div>\n\t\t\t\t<div class=\"elementor-element elementor-element-d9bffeb elementor-widget elementor-widget-heading\" data-id=\"d9bffeb\" data-element_type=\"widget\" data-e-type=\"widget\" data-widget_type=\"heading.default\">\n\t\t\t\t<div class=\"elementor-widget-container\">\n\t\t\t\t\t<p class=\"elementor-heading-title elementor-size-default\">Career 18 Not 78-40 Office 604 Bogota D. C. Colombia<\/p>\t\t\t\t<\/div>\n\t\t\t\t<\/div>\n\t\t\t\t<div class=\"elementor-element elementor-element-8a64590 elementor-widget elementor-widget-heading\" data-id=\"8a64590\" data-element_type=\"widget\" data-e-type=\"widget\" data-widget_type=\"heading.default\">\n\t\t\t\t<div class=\"elementor-widget-container\">\n\t\t\t\t\t<h5 class=\"elementor-heading-title elementor-size-default\">Contact<\/h5>\t\t\t\t<\/div>\n\t\t\t\t<\/div>\n\t\t\t\t<div class=\"elementor-element elementor-element-5acbac0 elementor-widget elementor-widget-heading\" data-id=\"5acbac0\" data-element_type=\"widget\" data-e-type=\"widget\" data-widget_type=\"heading.default\">\n\t\t\t\t<div class=\"elementor-widget-container\">\n\t\t\t\t\t<p class=\"elementor-heading-title elementor-size-default\">320 217 1643 - 314 799 0705\n<div><span style=\"font-style: inherit;font-weight: inherit\">+57 (1) 5192072<\/span><span style=\"font-style: inherit;font-weight: inherit\"><\/span><\/div><\/p>\t\t\t\t<\/div>\n\t\t\t\t<\/div>\n\t\t\t\t<div class=\"elementor-element elementor-element-cc020c3 elementor-widget elementor-widget-heading\" data-id=\"cc020c3\" data-element_type=\"widget\" data-e-type=\"widget\" data-widget_type=\"heading.default\">\n\t\t\t\t<div class=\"elementor-widget-container\">\n\t\t\t\t\t<p class=\"elementor-heading-title elementor-size-default\">\nContactenos@ds4business.com.co<\/p>\t\t\t\t<\/div>\n\t\t\t\t<\/div>\n\t\t\t\t<div class=\"elementor-element elementor-element-cc1a456 elementor-align-left elementor-widget elementor-widget-button\" data-id=\"cc1a456\" data-element_type=\"widget\" data-e-type=\"widget\" data-widget_type=\"button.default\">\n\t\t\t\t<div class=\"elementor-widget-container\">\n\t\t\t\t\t\t\t\t\t<div class=\"elementor-button-wrapper\">\n\t\t\t\t\t<a class=\"elementor-button elementor-size-sm\" role=\"button\">\n\t\t\t\t\t\t<span class=\"elementor-button-content-wrapper\">\n\t\t\t\t\t\t\t\t\t<span class=\"elementor-button-text\">Let's talk<\/span>\n\t\t\t\t\t<\/span>\n\t\t\t\t\t<\/a>\n\t\t\t\t<\/div>\n\t\t\t\t\t\t\t\t<\/div>\n\t\t\t\t<\/div>\n\t\t\t\t<\/div>\n\t\t\t\t<\/div>\n\t\t\t\t<\/div>\n\t\t\t\t\t<\/div>\n\t\t\t\t<\/div>\n\t\t\t\t<\/div>","protected":false},"excerpt":{"rendered":"<p>Conversemos sobre el futuro digital de su empresa\u200b Direcci\u00f3n Carrera 18 No 78-40 Oficina 604 Bogot\u00e1 D.C. Colombia Cont\u00e1cto 320 217 1643 &#8211; 314 799 0705 +57 (1) 5192072 Contactenos@ds4business.com.co Hablemos<\/p>","protected":false},"author":2,"featured_media":0,"parent":0,"menu_order":0,"comment_status":"closed","ping_status":"closed","template":"","meta":{"site-sidebar-layout":"no-sidebar","site-content-layout":"page-builder","ast-site-content-layout":"default","site-content-style":"default","site-sidebar-style":"default","ast-global-header-display":"","ast-banner-title-visibility":"","ast-main-header-display":"","ast-hfb-above-header-display":"","ast-hfb-below-header-display":"","ast-hfb-mobile-header-display":"","site-post-title":"disabled","ast-breadcrumbs-content":"","ast-featured-img":"disabled","footer-sml-layout":"","ast-disable-related-posts":"","theme-transparent-header-meta":"enabled","adv-header-id-meta":"","stick-header-meta":"","header-above-stick-meta":"","header-main-stick-meta":"","header-below-stick-meta":"","astra-migrate-meta-layouts":"default","ast-page-background-enabled":"default","ast-page-background-meta":{"desktop":{"background-color":"","background-image":"","background-repeat":"repeat","background-position":"center center","background-size":"auto","background-attachment":"scroll","background-type":"","background-media":"","overlay-type":"","overlay-color":"","overlay-opacity":"","overlay-gradient":""},"tablet":{"background-color":"","background-image":"","background-repeat":"repeat","background-position":"center center","background-size":"auto","background-attachment":"scroll","background-type":"","background-media":"","overlay-type":"","overlay-color":"","overlay-opacity":"","overlay-gradient":""},"mobile":{"background-color":"","background-image":"","background-repeat":"repeat","background-position":"center center","background-size":"auto","background-attachment":"scroll","background-type":"","background-media":"","overlay-type":"","overlay-color":"","overlay-opacity":"","overlay-gradient":""}},"ast-content-background-meta":{"desktop":{"background-color":"var(--ast-global-color-5)","background-image":"","background-repeat":"repeat","background-position":"center center","background-size":"auto","background-attachment":"scroll","background-type":"","background-media":"","overlay-type":"","overlay-color":"","overlay-opacity":"","overlay-gradient":""},"tablet":{"background-color":"var(--ast-global-color-5)","background-image":"","background-repeat":"repeat","background-position":"center center","background-size":"auto","background-attachment":"scroll","background-type":"","background-media":"","overlay-type":"","overlay-color":"","overlay-opacity":"","overlay-gradient":""},"mobile":{"background-color":"var(--ast-global-color-5)","background-image":"","background-repeat":"repeat","background-position":"center center","background-size":"auto","background-attachment":"scroll","background-type":"","background-media":"","overlay-type":"","overlay-color":"","overlay-opacity":"","overlay-gradient":""}},"_kadence_starter_templates_imported_post":false,"footnotes":""},"class_list":["post-3321","page","type-page","status-publish","hentry"],"yoast_head":"<!-- This site is optimized with the Yoast SEO plugin v27.5 - https:\/\/yoast.com\/product\/yoast-seo-wordpress\/ -->\n<title>Cont\u00e1ctenos - DS4B<\/title>\n<meta name=\"robots\" content=\"index, follow, max-snippet:-1, max-image-preview:large, max-video-preview:-1\" \/>\n<link rel=\"canonical\" href=\"https:\/\/ds4business.com.co\/en\/contacto\/\" \/>\n<meta property=\"og:locale\" content=\"en_US\" \/>\n<meta property=\"og:type\" content=\"article\" \/>\n<meta property=\"og:title\" content=\"Cont\u00e1ctenos - DS4B\" \/>\n<meta property=\"og:description\" content=\"Conversemos sobre el futuro digital de su empresa\u200b Direcci\u00f3n Carrera 18 No 78-40 Oficina 604 Bogot\u00e1 D.C. Colombia Cont\u00e1cto 320 217 1643 &#8211; 314 799 0705 +57 (1) 5192072 Contactenos@ds4business.com.co Hablemos\" \/>\n<meta property=\"og:url\" content=\"https:\/\/ds4business.com.co\/en\/contacto\/\" \/>\n<meta property=\"og:site_name\" content=\"DS4B\" \/>\n<meta property=\"article:modified_time\" content=\"2025-08-16T19:00:23+00:00\" \/>\n<meta name=\"twitter:card\" content=\"summary_large_image\" \/>\n<meta name=\"twitter:label1\" content=\"Est. reading time\" \/>\n\t<meta name=\"twitter:data1\" content=\"1 minute\" \/>\n<script type=\"application\/ld+json\" class=\"yoast-schema-graph\">{\"@context\":\"https:\\\/\\\/schema.org\",\"@graph\":[{\"@type\":\"WebPage\",\"@id\":\"https:\\\/\\\/ds4business.com.co\\\/contacto\\\/\",\"url\":\"https:\\\/\\\/ds4business.com.co\\\/contacto\\\/\",\"name\":\"Cont\u00e1ctenos - DS4B\",\"isPartOf\":{\"@id\":\"https:\\\/\\\/ds4business.com.co\\\/#website\"},\"datePublished\":\"2025-07-24T16:28:15+00:00\",\"dateModified\":\"2025-08-16T19:00:23+00:00\",\"breadcrumb\":{\"@id\":\"https:\\\/\\\/ds4business.com.co\\\/contacto\\\/#breadcrumb\"},\"inLanguage\":\"en-US\",\"potentialAction\":[{\"@type\":\"ReadAction\",\"target\":[\"https:\\\/\\\/ds4business.com.co\\\/contacto\\\/\"]}]},{\"@type\":\"BreadcrumbList\",\"@id\":\"https:\\\/\\\/ds4business.com.co\\\/contacto\\\/#breadcrumb\",\"itemListElement\":[{\"@type\":\"ListItem\",\"position\":1,\"name\":\"Inicio\",\"item\":\"https:\\\/\\\/ds4business.com.co\\\/\"},{\"@type\":\"ListItem\",\"position\":2,\"name\":\"Cont\u00e1ctenos\"}]},{\"@type\":\"WebSite\",\"@id\":\"https:\\\/\\\/ds4business.com.co\\\/#website\",\"url\":\"https:\\\/\\\/ds4business.com.co\\\/\",\"name\":\"Digital Solutions For Business\",\"description\":\"Digital Solution For Business\",\"publisher\":{\"@id\":\"https:\\\/\\\/ds4business.com.co\\\/#organization\"},\"potentialAction\":[{\"@type\":\"SearchAction\",\"target\":{\"@type\":\"EntryPoint\",\"urlTemplate\":\"https:\\\/\\\/ds4business.com.co\\\/?s={search_term_string}\"},\"query-input\":{\"@type\":\"PropertyValueSpecification\",\"valueRequired\":true,\"valueName\":\"search_term_string\"}}],\"inLanguage\":\"en-US\"},{\"@type\":\"Organization\",\"@id\":\"https:\\\/\\\/ds4business.com.co\\\/#organization\",\"name\":\"Digital Solutions For Business\",\"url\":\"https:\\\/\\\/ds4business.com.co\\\/\",\"logo\":{\"@type\":\"ImageObject\",\"inLanguage\":\"en-US\",\"@id\":\"https:\\\/\\\/ds4business.com.co\\\/#\\\/schema\\\/logo\\\/image\\\/\",\"url\":\"https:\\\/\\\/ds4business.com.co\\\/wp-content\\\/uploads\\\/2025\\\/07\\\/cropped-logo-DS4B.png\",\"contentUrl\":\"https:\\\/\\\/ds4business.com.co\\\/wp-content\\\/uploads\\\/2025\\\/07\\\/cropped-logo-DS4B.png\",\"width\":1703,\"height\":807,\"caption\":\"Digital Solutions For Business\"},\"image\":{\"@id\":\"https:\\\/\\\/ds4business.com.co\\\/#\\\/schema\\\/logo\\\/image\\\/\"}}]}<\/script>\n<!-- \/ Yoast SEO plugin. -->","yoast_head_json":{"title":"Cont\u00e1ctenos - DS4B","robots":{"index":"index","follow":"follow","max-snippet":"max-snippet:-1","max-image-preview":"max-image-preview:large","max-video-preview":"max-video-preview:-1"},"canonical":"https:\/\/ds4business.com.co\/en\/contacto\/","og_locale":"en_US","og_type":"article","og_title":"Cont\u00e1ctenos - DS4B","og_description":"Conversemos sobre el futuro digital de su empresa\u200b Direcci\u00f3n Carrera 18 No 78-40 Oficina 604 Bogot\u00e1 D.C. Colombia Cont\u00e1cto 320 217 1643 &#8211; 314 799 0705 +57 (1) 5192072 Contactenos@ds4business.com.co Hablemos","og_url":"https:\/\/ds4business.com.co\/en\/contacto\/","og_site_name":"DS4B","article_modified_time":"2025-08-16T19:00:23+00:00","twitter_card":"summary_large_image","twitter_misc":{"Est. reading time":"1 minute"},"schema":{"@context":"https:\/\/schema.org","@graph":[{"@type":"WebPage","@id":"https:\/\/ds4business.com.co\/contacto\/","url":"https:\/\/ds4business.com.co\/contacto\/","name":"Cont\u00e1ctenos - DS4B","isPartOf":{"@id":"https:\/\/ds4business.com.co\/#website"},"datePublished":"2025-07-24T16:28:15+00:00","dateModified":"2025-08-16T19:00:23+00:00","breadcrumb":{"@id":"https:\/\/ds4business.com.co\/contacto\/#breadcrumb"},"inLanguage":"en-US","potentialAction":[{"@type":"ReadAction","target":["https:\/\/ds4business.com.co\/contacto\/"]}]},{"@type":"BreadcrumbList","@id":"https:\/\/ds4business.com.co\/contacto\/#breadcrumb","itemListElement":[{"@type":"ListItem","position":1,"name":"Inicio","item":"https:\/\/ds4business.com.co\/"},{"@type":"ListItem","position":2,"name":"Cont\u00e1ctenos"}]},{"@type":"WebSite","@id":"https:\/\/ds4business.com.co\/#website","url":"https:\/\/ds4business.com.co\/","name":"Digital Solutions For Business","description":"Digital Solution For Business","publisher":{"@id":"https:\/\/ds4business.com.co\/#organization"},"potentialAction":[{"@type":"SearchAction","target":{"@type":"EntryPoint","urlTemplate":"https:\/\/ds4business.com.co\/?s={search_term_string}"},"query-input":{"@type":"PropertyValueSpecification","valueRequired":true,"valueName":"search_term_string"}}],"inLanguage":"en-US"},{"@type":"Organization","@id":"https:\/\/ds4business.com.co\/#organization","name":"Digital Solutions For Business","url":"https:\/\/ds4business.com.co\/","logo":{"@type":"ImageObject","inLanguage":"en-US","@id":"https:\/\/ds4business.com.co\/#\/schema\/logo\/image\/","url":"https:\/\/ds4business.com.co\/wp-content\/uploads\/2025\/07\/cropped-logo-DS4B.png","contentUrl":"https:\/\/ds4business.com.co\/wp-content\/uploads\/2025\/07\/cropped-logo-DS4B.png","width":1703,"height":807,"caption":"Digital Solutions For Business"},"image":{"@id":"https:\/\/ds4business.com.co\/#\/schema\/logo\/image\/"}}]}},"_links":{"self":[{"href":"https:\/\/ds4business.com.co\/en\/wp-json\/wp\/v2\/pages\/3321","targetHints":{"allow":["GET"]}}],"collection":[{"href":"https:\/\/ds4business.com.co\/en\/wp-json\/wp\/v2\/pages"}],"about":[{"href":"https:\/\/ds4business.com.co\/en\/wp-json\/wp\/v2\/types\/page"}],"author":[{"embeddable":true,"href":"https:\/\/ds4business.com.co\/en\/wp-json\/wp\/v2\/users\/2"}],"replies":[{"embeddable":true,"href":"https:\/\/ds4business.com.co\/en\/wp-json\/wp\/v2\/comments?post=3321"}],"version-history":[{"count":67,"href":"https:\/\/ds4business.com.co\/en\/wp-json\/wp\/v2\/pages\/3321\/revisions"}],"predecessor-version":[{"id":5487,"href":"https:\/\/ds4business.com.co\/en\/wp-json\/wp\/v2\/pages\/3321\/revisions\/5487"}],"wp:attachment":[{"href":"https:\/\/ds4business.com.co\/en\/wp-json\/wp\/v2\/media?parent=3321"}],"curies":[{"name":"wp","href":"https:\/\/api.w.org\/{rel}","templated":true}]}}